{"id":29,"date":"2021-08-29T17:51:38","date_gmt":"2021-08-29T17:51:38","guid":{"rendered":"http:\/\/librecircuit.com\/?post_type=product&#038;p=29"},"modified":"2025-04-13T13:16:35","modified_gmt":"2025-04-13T13:16:35","slug":"pcb-punta-logica","status":"publish","type":"product","link":"https:\/\/librecircuit.com\/index.php\/product\/pcb-punta-logica\/","title":{"rendered":"PCB punta l\u00f3gica"},"content":{"rendered":"<p>Esta PCB (tarjeta de circuito impreso) se utiliza para armar una punta l\u00f3gica que puede ser utilizada para encontrar fallas en los sistemas el\u00e9ctricos y electr\u00f3nicos de los autom\u00f3viles.<\/p>\n<p><b>Caracter\u00edsticas<\/b><strong>:<\/strong><\/p>\n<ul>\n<li>PCB fabricada en material FR4.<\/li>\n<li>Acabado superficial HASL.<\/li>\n<li>Tama\u00f1o 85 x 14 mm.<\/li>\n<li>Solder mask de color verde.<\/li>\n<\/ul>\n<p>&nbsp;<\/p>\n<p>&nbsp;<\/p>\n<p>&nbsp;<\/p>\n","protected":false},"excerpt":{"rendered":"<p>Esta PCB (tarjeta de circuito impreso) se utiliza para armar una punta l\u00f3gica que puede ser utilizada para encontrar fallas en los sistemas el\u00e9ctricos y electr\u00f3nicos de los autom\u00f3viles. Caracter\u00edsticas: PCB fabricada en material FR4. Acabado superficial HASL. Tama\u00f1o 85 x 14 mm. Solder mask de color verde. &nbsp; &nbsp; &nbsp;<\/p>\n","protected":false},"featured_media":30,"comment_status":"open","ping_status":"closed","template":"","meta":{"om_disable_all_campaigns":false,"_mi_skip_tracking":false},"product_cat":[16],"product_tag":[],"class_list":["post-29","product","type-product","status-publish","has-post-thumbnail","hentry","product_cat-pcb","thunk-woo-product-list","opn-qv-enable","top-store-woo-hover-","top-store-single-product-tab-horizontal","top-store-shadow-","top-store-shadow-hover-"],"aioseo_notices":[],"_links":{"self":[{"href":"https:\/\/librecircuit.com\/index.php\/wp-json\/wp\/v2\/product\/29"}],"collection":[{"href":"https:\/\/librecircuit.com\/index.php\/wp-json\/wp\/v2\/product"}],"about":[{"href":"https:\/\/librecircuit.com\/index.php\/wp-json\/wp\/v2\/types\/product"}],"replies":[{"embeddable":true,"href":"https:\/\/librecircuit.com\/index.php\/wp-json\/wp\/v2\/comments?post=29"}],"wp:featuredmedia":[{"embeddable":true,"href":"https:\/\/librecircuit.com\/index.php\/wp-json\/wp\/v2\/media\/30"}],"wp:attachment":[{"href":"https:\/\/librecircuit.com\/index.php\/wp-json\/wp\/v2\/media?parent=29"}],"wp:term":[{"taxonomy":"product_cat","embeddable":true,"href":"https:\/\/librecircuit.com\/index.php\/wp-json\/wp\/v2\/product_cat?post=29"},{"taxonomy":"product_tag","embeddable":true,"href":"https:\/\/librecircuit.com\/index.php\/wp-json\/wp\/v2\/product_tag?post=29"}],"curies":[{"name":"wp","href":"https:\/\/api.w.org\/{rel}","templated":true}]}}